{"id":477,"date":"2025-01-16T10:39:01","date_gmt":"2025-01-16T10:39:01","guid":{"rendered":"https:\/\/www.myharp.pl\/?page_id=477"},"modified":"2026-02-07T12:23:10","modified_gmt":"2026-02-07T12:23:10","slug":"masterclass","status":"publish","type":"page","link":"https:\/\/www.myharp.pl\/index.php\/masterclass\/","title":{"rendered":"Masterclass"},"content":{"rendered":"<div class=\"wpb-content-wrapper\"><p>[vc_row row_height_percent=&#8221;100&#8243; back_image=&#8221;339&#8243; kburns=&#8221;yes&#8221; overlay_color=&#8221;color-jevc&#8221; overlay_alpha=&#8221;15&#8243; gutter_size=&#8221;3&#8243; column_width_percent=&#8221;100&#8243; shift_y=&#8221;0&#8243; z_index=&#8221;0&#8243; uncode_shortcode_id=&#8221;666895&#8243; overlay_color_type=&#8221;uncode-palette&#8221;][vc_column column_width_percent=&#8221;50&#8243; position_vertical=&#8221;middle&#8221; align_horizontal=&#8221;align_center&#8221; gutter_size=&#8221;3&#8243; overlay_alpha=&#8221;50&#8243; shift_x=&#8221;0&#8243; shift_y=&#8221;0&#8243; shift_y_down=&#8221;0&#8243; z_index=&#8221;0&#8243; medium_width=&#8221;0&#8243; mobile_width=&#8221;0&#8243; width=&#8221;1\/1&#8243; uncode_shortcode_id=&#8221;981855&#8243;][vc_single_image media=&#8221;512&#8243; media_width_percent=&#8221;100&#8243; uncode_shortcode_id=&#8221;545604&#8243;][\/vc_column][\/vc_row][vc_row row_height_percent=&#8221;0&#8243; back_color=&#8221;color-491171&#8243; overlay_color=&#8221;color-jevc&#8221; overlay_alpha=&#8221;25&#8243; gutter_size=&#8221;3&#8243; column_width_percent=&#8221;100&#8243; shift_y=&#8221;0&#8243; z_index=&#8221;0&#8243; uncode_shortcode_id=&#8221;183769&#8243; back_color_type=&#8221;uncode-palette&#8221; overlay_color_type=&#8221;uncode-palette&#8221;][vc_column column_width_percent=&#8221;100&#8243; gutter_size=&#8221;3&#8243; style=&#8221;dark&#8221; overlay_alpha=&#8221;50&#8243; shift_x=&#8221;0&#8243; shift_y=&#8221;0&#8243; shift_y_down=&#8221;0&#8243; z_index=&#8221;0&#8243; medium_width=&#8221;0&#8243; mobile_width=&#8221;0&#8243; width=&#8221;1\/2&#8243; uncode_shortcode_id=&#8221;103976&#8243;][vc_row_inner][vc_column_inner column_width_percent=&#8221;71&#8243; gutter_size=&#8221;3&#8243; style=&#8221;dark&#8221; overlay_alpha=&#8221;50&#8243; shift_x=&#8221;0&#8243; shift_y=&#8221;0&#8243; shift_y_down=&#8221;0&#8243; z_index=&#8221;0&#8243; medium_width=&#8221;0&#8243; mobile_width=&#8221;0&#8243; width=&#8221;1\/3&#8243; uncode_shortcode_id=&#8221;987020&#8243;][vc_single_image media=&#8221;154&#8243; media_width_percent=&#8221;100&#8243; uncode_shortcode_id=&#8221;105035&#8243;][\/vc_column_inner][vc_column_inner column_width_percent=&#8221;100&#8243; position_vertical=&#8221;middle&#8221; gutter_size=&#8221;1&#8243; style=&#8221;dark&#8221; overlay_alpha=&#8221;50&#8243; shift_x=&#8221;0&#8243; shift_y=&#8221;0&#8243; shift_y_down=&#8221;0&#8243; z_index=&#8221;0&#8243; medium_width=&#8221;0&#8243; mobile_width=&#8221;0&#8243; width=&#8221;2\/3&#8243; uncode_shortcode_id=&#8221;186347&#8243;][vc_custom_heading text_font=&#8221;font-298953&#8243; text_size=&#8221;h1&#8243; text_weight=&#8221;400&#8243; uncode_shortcode_id=&#8221;405897&#8243;]MYHARP Summer Masterclass w zamku w Czernej[\/vc_custom_heading][\/vc_column_inner][\/vc_row_inner][\/vc_column][vc_column column_width_percent=&#8221;100&#8243; position_vertical=&#8221;middle&#8221; align_horizontal=&#8221;align_right&#8221; gutter_size=&#8221;3&#8243; style=&#8221;dark&#8221; overlay_alpha=&#8221;50&#8243; shift_x=&#8221;0&#8243; shift_y=&#8221;0&#8243; shift_y_down=&#8221;0&#8243; z_index=&#8221;0&#8243; medium_width=&#8221;0&#8243; mobile_width=&#8221;0&#8243; width=&#8221;1\/2&#8243; uncode_shortcode_id=&#8221;978143&#8243;][vc_row_inner][vc_column_inner column_width_percent=&#8221;100&#8243; position_vertical=&#8221;middle&#8221; gutter_size=&#8221;3&#8243; style=&#8221;dark&#8221; overlay_alpha=&#8221;50&#8243; shift_x=&#8221;0&#8243; shift_y=&#8221;0&#8243; shift_y_down=&#8221;0&#8243; z_index=&#8221;0&#8243; medium_width=&#8221;0&#8243; mobile_width=&#8221;0&#8243; width=&#8221;1\/2&#8243; uncode_shortcode_id=&#8221;181178&#8243;][vc_custom_heading text_font=&#8221;font-555555&#8243; text_size=&#8221;h6&#8243; text_weight=&#8221;400&#8243; uncode_shortcode_id=&#8221;730467&#8243;]<\/p>\n<h4>zg\u0142o\u015b si\u0119 na nowy kurs w zamku w Czernej!<\/h4>\n<p>[\/vc_custom_heading][\/vc_column_inner][vc_column_inner column_width_percent=&#8221;100&#8243; position_vertical=&#8221;middle&#8221; gutter_size=&#8221;3&#8243; style=&#8221;dark&#8221; overlay_alpha=&#8221;50&#8243; shift_x=&#8221;0&#8243; shift_y=&#8221;0&#8243; shift_y_down=&#8221;0&#8243; z_index=&#8221;0&#8243; medium_width=&#8221;0&#8243; mobile_width=&#8221;0&#8243; width=&#8221;1\/2&#8243; uncode_shortcode_id=&#8221;200154&#8243;][vc_button outline=&#8221;yes&#8221; border_width=&#8221;0&#8243; uncode_shortcode_id=&#8221;593429&#8243; link=&#8221;url:https%3A%2F%2Fwww.myharp.pl%2Findex.php%2Fmasterclasses%2Fsummer-masterclass%2F|title:Kontakt&#8221;]Summer Masterclass 2026[\/vc_button][\/vc_column_inner][\/vc_row_inner][\/vc_column][\/vc_row][vc_row row_height_percent=&#8221;0&#8243; override_padding=&#8221;yes&#8221; h_padding=&#8221;2&#8243; top_padding=&#8221;4&#8243; bottom_padding=&#8221;2&#8243; overlay_alpha=&#8221;50&#8243; gutter_size=&#8221;3&#8243; column_width_percent=&#8221;100&#8243; shift_y=&#8221;0&#8243; z_index=&#8221;0&#8243; uncode_shortcode_id=&#8221;971788&#8243; back_color_type=&#8221;uncode-solid&#8221; back_color_solid=&#8221;#edf5f7&#8243;][vc_column width=&#8221;1\/1&#8243;][vc_row_inner][vc_column_inner width=&#8221;1\/4&#8243;][\/vc_column_inner][vc_column_inner column_width_percent=&#8221;100&#8243; align_horizontal=&#8221;align_center&#8221; gutter_size=&#8221;3&#8243; overlay_alpha=&#8221;50&#8243; shift_x=&#8221;0&#8243; shift_y=&#8221;0&#8243; shift_y_down=&#8221;0&#8243; z_index=&#8221;0&#8243; medium_width=&#8221;0&#8243; mobile_width=&#8221;0&#8243; width=&#8221;1\/2&#8243; uncode_shortcode_id=&#8221;747221&#8243;][vc_single_image media=&#8221;356&#8243; media_width_use_pixel=&#8221;yes&#8221; alignment=&#8221;center&#8221; uncode_shortcode_id=&#8221;666280&#8243; media_width_pixel=&#8221;100&#8243;][\/vc_column_inner][vc_column_inner width=&#8221;1\/4&#8243;][\/vc_column_inner][\/vc_row_inner][vc_custom_heading text_font=&#8221;font-298953&#8243; text_size=&#8221;fontsize-140826&#8243; text_weight=&#8221;400&#8243; uncode_shortcode_id=&#8221;156988&#8243;]MyHarp Summer Masterclass to kursy muzyczne dla harfist\u00f3w pragn\u0105cych doskonali\u0107 swoje umiej\u0119tno\u015bci pod okiem wybitnych pedagog\u00f3w z Polski i zza granicy.[\/vc_custom_heading][vc_empty_space empty_h=&#8221;2&#8243;][vc_row_inner row_inner_height_percent=&#8221;0&#8243; overlay_alpha=&#8221;50&#8243; gutter_size=&#8221;6&#8243; shift_y=&#8221;0&#8243; z_index=&#8221;0&#8243; uncode_shortcode_id=&#8221;117465&#8243;][vc_column_inner width=&#8221;1\/2&#8243;][vc_single_image media=&#8221;517&#8243; media_width_percent=&#8221;100&#8243; media_ratio=&#8221;one-one&#8221; alignment=&#8221;center&#8221; shape=&#8221;img-round&#8221; radius=&#8221;std&#8221; uncode_shortcode_id=&#8221;135832&#8243;][\/vc_column_inner][vc_column_inner column_width_percent=&#8221;79&#8243; position_vertical=&#8221;middle&#8221; gutter_size=&#8221;3&#8243; overlay_alpha=&#8221;50&#8243; shift_x=&#8221;0&#8243; shift_y=&#8221;0&#8243; shift_y_down=&#8221;0&#8243; z_index=&#8221;0&#8243; medium_width=&#8221;0&#8243; mobile_width=&#8221;0&#8243; width=&#8221;1\/2&#8243; uncode_shortcode_id=&#8221;984038&#8243;][vc_custom_heading text_font=&#8221;font-298953&#8243; text_size=&#8221;h3&#8243; text_weight=&#8221;400&#8243; uncode_shortcode_id=&#8221;210513&#8243;]Tydzie\u0144 indywidualnych zaj\u0119\u0107, interesuj\u0105ce wyk\u0142ady i warsztaty, wsp\u00f3lne koncerty i nowe przyja\u017anie na d\u0142ugo pozostaj\u0105 w pami\u0119ci.[\/vc_custom_heading][vc_custom_heading text_font=&#8221;font-298953&#8243; text_size=&#8221;h3&#8243; text_weight=&#8221;400&#8243; uncode_shortcode_id=&#8221;324227&#8243;]Podczas minionych edycji w\u015br\u00f3d grona pedagog\u00f3w znale\u017ali si\u0119 mi\u0119dzy innymi: Katrina Szederkenyi, Imogen Barford, Isabel Moreton, Klara Wo\u015bkowiak, Aneta Salwi\u0144ska, Claudia Lamanna, Marta Mogielnicka i inni.[\/vc_custom_heading][\/vc_column_inner][\/vc_row_inner][\/vc_column][\/vc_row][vc_row unlock_row_content=&#8221;yes&#8221; row_height_percent=&#8221;0&#8243; override_padding=&#8221;yes&#8221; h_padding=&#8221;0&#8243; top_padding=&#8221;2&#8243; bottom_padding=&#8221;2&#8243; overlay_alpha=&#8221;50&#8243; gutter_size=&#8221;3&#8243; column_width_percent=&#8221;100&#8243; shift_y=&#8221;0&#8243; z_index=&#8221;0&#8243; uncode_shortcode_id=&#8221;153112&#8243; back_color_type=&#8221;uncode-solid&#8221; back_color_solid=&#8221;#edf5f7&#8243;][vc_column column_width_percent=&#8221;100&#8243; gutter_size=&#8221;4&#8243; overlay_alpha=&#8221;50&#8243; shift_x=&#8221;0&#8243; shift_y=&#8221;0&#8243; shift_y_down=&#8221;0&#8243; z_index=&#8221;0&#8243; medium_width=&#8221;0&#8243; mobile_width=&#8221;0&#8243; width=&#8221;1\/1&#8243; uncode_shortcode_id=&#8221;806453&#8243;][vc_gallery el_id=&#8221;gallery-5023934&#8243; type=&#8221;carousel&#8221; medias=&#8221;513,514,515,516,517,518,519,520,521,522,523,524&#8243; carousel_lg=&#8221;1&#8243; carousel_md=&#8221;1&#8243; carousel_sm=&#8221;1&#8243; thumb_size=&#8221;one-one&#8221; gutter_size=&#8221;3&#8243; carousel_interval=&#8221;3000&#8243; carousel_navspeed=&#8221;400&#8243; carousel_loop=&#8221;yes&#8221; stage_padding=&#8221;75&#8243; single_shape=&#8221;round&#8221; radius=&#8221;std&#8221; single_overlay_opacity=&#8221;50&#8243; single_padding=&#8221;2&#8243; single_border=&#8221;yes&#8221; uncode_shortcode_id=&#8221;183719&#8243;][\/vc_column][\/vc_row][vc_row row_height_percent=&#8221;0&#8243; override_padding=&#8221;yes&#8221; h_padding=&#8221;2&#8243; top_padding=&#8221;3&#8243; bottom_padding=&#8221;3&#8243; overlay_alpha=&#8221;50&#8243; gutter_size=&#8221;3&#8243; column_width_percent=&#8221;100&#8243; shift_y=&#8221;0&#8243; z_index=&#8221;0&#8243; uncode_shortcode_id=&#8221;724136&#8243; back_color_type=&#8221;uncode-solid&#8221; back_color_solid=&#8221;#edf5f7&#8243;][vc_column column_width_percent=&#8221;100&#8243; gutter_size=&#8221;4&#8243; overlay_alpha=&#8221;50&#8243; shift_x=&#8221;0&#8243; shift_y=&#8221;0&#8243; shift_y_down=&#8221;0&#8243; z_index=&#8221;0&#8243; medium_width=&#8221;0&#8243; mobile_width=&#8221;0&#8243; width=&#8221;1\/1&#8243; uncode_shortcode_id=&#8221;806453&#8243;][vc_gallery el_id=&#8221;gallery-5656443788&#8243; type=&#8221;carousel&#8221; medias=&#8221;495,499,498,503&#8243; carousel_lg=&#8221;2&#8243; carousel_md=&#8221;1&#8243; carousel_sm=&#8221;1&#8243; gutter_size=&#8221;4&#8243; media_items=&#8221;media|lightbox|poster&#8221; carousel_interval=&#8221;5000&#8243; carousel_navspeed=&#8221;200&#8243; carousel_loop=&#8221;yes&#8221; carousel_dots=&#8221;yes&#8221; carousel_dots_space=&#8221;yes&#8221; carousel_autoh=&#8221;yes&#8221; carousel_textual=&#8221;yes&#8221; stage_padding=&#8221;0&#8243; single_style=&#8221;dark&#8221; single_overlay_opacity=&#8221;50&#8243; single_overlay_anim=&#8221;no&#8221; single_text_anim=&#8221;no&#8221; single_image_anim=&#8221;no&#8221; single_h_align=&#8221;center&#8221; single_padding=&#8221;2&#8243; single_title_dimension=&#8221;h5&#8243; single_css_animation=&#8221;zoom-in&#8221; single_animation_delay=&#8221;200&#8243; carousel_rtl=&#8221;&#8221; single_half_padding=&#8221;&#8221; single_title_uppercase=&#8221;&#8221; single_title_bold=&#8221;&#8221; single_title_serif=&#8221;&#8221; single_no_background=&#8221;&#8221; carousel_twitter=&#8221;yes&#8221; uncode_shortcode_id=&#8221;249745&#8243;][\/vc_column][\/vc_row][vc_row row_height_percent=&#8221;0&#8243; override_padding=&#8221;yes&#8221; h_padding=&#8221;2&#8243; top_padding=&#8221;4&#8243; bottom_padding=&#8221;4&#8243; back_image=&#8221;178&#8243; overlay_alpha=&#8221;50&#8243; gutter_size=&#8221;5&#8243; column_width_percent=&#8221;100&#8243; shift_y=&#8221;0&#8243; z_index=&#8221;0&#8243; uncode_shortcode_id=&#8221;112951&#8243; row_name=&#8221;faq&#8221;][vc_column column_width_percent=&#8221;100&#8243; position_horizontal=&#8221;left&#8221; position_vertical=&#8221;middle&#8221; gutter_size=&#8221;3&#8243; overlay_alpha=&#8221;50&#8243; shift_x=&#8221;0&#8243; shift_y=&#8221;0&#8243; shift_y_down=&#8221;0&#8243; z_index=&#8221;0&#8243; medium_width=&#8221;0&#8243; mobile_width=&#8221;0&#8243; width=&#8221;1\/3&#8243; uncode_shortcode_id=&#8221;185917&#8243;][vc_custom_heading text_font=&#8221;font-298953&#8243; text_size=&#8221;h1&#8243; text_weight=&#8221;400&#8243; uncode_shortcode_id=&#8221;967430&#8243;]FAQ[\/vc_custom_heading][vc_custom_heading text_font=&#8221;font-555555&#8243; text_size=&#8221;h6&#8243; text_weight=&#8221;400&#8243; uncode_shortcode_id=&#8221;943532&#8243;]Tutaj znajdziecie odpowiedzi na najcz\u0119\u015bciej zadawane pytania. Proste i szybkie&#8230; jak glisando! Je\u015bli chcecie zapyta\u0107 o co\u015b innego, to piszczcie \u015bmia\u0142o na kontakt@myharp.pl[\/vc_custom_heading][\/vc_column][vc_column column_width_percent=&#8221;100&#8243; gutter_size=&#8221;3&#8243; back_color=&#8221;color-xsdn&#8221; overlay_alpha=&#8221;50&#8243; shift_x=&#8221;0&#8243; shift_y=&#8221;0&#8243; shift_y_down=&#8221;0&#8243; z_index=&#8221;0&#8243; medium_width=&#8221;0&#8243; mobile_width=&#8221;0&#8243; radius=&#8221;std&#8221; width=&#8221;2\/3&#8243; uncode_shortcode_id=&#8221;172492&#8243; back_color_type=&#8221;uncode-palette&#8221;][vc_accordion][vc_accordion_tab gutter_size=&#8221;2&#8243; column_padding=&#8221;2&#8243; title=&#8221;Czy musz\u0119 kupowa\u0107 harf\u0119, \u017ceby nauczy\u0107 si\u0119 na niej gra\u0107?&#8221; tab_id=&#8221;1717082974-1-50&#8243;][vc_column_text uncode_shortcode_id=&#8221;114417&#8243;]Nie ma konieczno\u015bci zakupu harfy, je\u015bli dopiero chcesz nauczy\u0107 si\u0119 gra\u0107. Na pocz\u0105tku mo\u017cesz wynaj\u0105\u0107 instrument.[\/vc_column_text][\/vc_accordion_tab][vc_accordion_tab gutter_size=&#8221;2&#8243; column_padding=&#8221;2&#8243; title=&#8221;Od czego powinienem zacz\u0105\u0107 przygod\u0119 z harf\u0105?&#8221; tab_id=&#8221;1717082974-2-65&#8243;][vc_column_text uncode_shortcode_id=&#8221;144303&#8243;]Zacznij od tego, \u017ceby znale\u017a\u0107 nauczyciela na kilka stacjonarnych lekcji. To wa\u017cne, poniewa\u017c dostaniesz bezpo\u015bredni\u0105 pomoc, kt\u00f3ra pomo\u017ce Ci zrozumie\u0107 podstawy gry. Od pocz\u0105tku musisz zaopatrzy\u0107 si\u0119 w instrument, by m\u00f3c na nim \u0107wiczy\u0107 w domu. Harfy na pocz\u0105tek nie musisz kupowa\u0107, mo\u017cesz j\u0105 wynaj\u0105\u0107.[\/vc_column_text][\/vc_accordion_tab][vc_accordion_tab gutter_size=&#8221;2&#8243; column_padding=&#8221;2&#8243; title=&#8221;Dlaczego na Waszej stronie znajduj\u0105 si\u0119 tylko harfy Camac Harps?&#8221; tab_id=&#8221;1717083171687-2-3&#8243;][vc_column_text uncode_shortcode_id=&#8221;171332&#8243;]Jako dystrybutor harf Camac, z pe\u0142nym przekonaniem stawiamy na jako\u015b\u0107 tych instrument\u00f3w. Ka\u017cdy element jest wytwarzany w Europie, a wykorzystane drewno poddawane jest selekcji przez do\u015bwiadczonych specjalist\u00f3w. Monta\u017c cz\u0119\u015bci mechanicznych odbywa si\u0119 r\u0119cznie, co zapewnia najwy\u017cszy standard wykonania. Mieli\u015bmy przyjemno\u015b\u0107 \u015bledzi\u0107 ka\u017cdy etap produkcji harfy w fabryce w Mouzeil we Francji, dzi\u0119ki czemu znamy zastosowane technologie i mo\u017cemy zagwarantowa\u0107 doskona\u0142\u0105 jako\u015b\u0107 harf Camac.[\/vc_column_text][\/vc_accordion_tab][vc_accordion_tab gutter_size=&#8221;2&#8243; column_padding=&#8221;2&#8243; title=&#8221;Jakie struny kupi\u0107 do swojej harfy?&#8221; tab_id=&#8221;1717083182520-3-9&#8243;][vc_column_text uncode_shortcode_id=&#8221;903760&#8243;]Do harfy powinno si\u0119 zawsze dokupowa\u0107 ten sam rodzaj strun, kt\u00f3rym instrument zosta\u0142 fabrycznie ostrunowany. Struny Camac wyst\u0119puj\u0105 tylko w harfach tego producenta, natomiast harfy Salvi i Lyon &amp; Healy maj\u0105 za\u0142o\u017cone struny firmy Bow Brand. Je\u015bli masz w\u0105tpliwo\u015b\u0107 jaki rodzaj struny jest Ci potrzebny (jelitowa\/ nylonowa\/ karbonowa) sprawd\u017a wklejk\u0119 z nazw\u0105 modelu znajduj\u0105c\u0105 si\u0119 wewn\u0105trz instrumentu. Pod nazw\u0105 powinien by\u0107 umieszczony rodzaj zastosowanych strun. Je\u015bli czego\u015b nie jeste\u015b pewien &#8211; skontaktuj si\u0119 z nami.[\/vc_column_text][\/vc_accordion_tab][vc_accordion_tab gutter_size=&#8221;2&#8243; column_padding=&#8221;2&#8243; title=&#8221;Czy istnieje mo\u017cliwo\u015b\u0107 nauki gry stacjonarnie?&#8221; tab_id=&#8221;1717083196556-4-1&#8243;][vc_column_text uncode_shortcode_id=&#8221;107672&#8243;]Tak, mo\u017cna zapisa\u0107 si\u0119 na lekcje indywidualne prowadzone w naszym salonie w Nowej Soli.[\/vc_column_text][\/vc_accordion_tab][vc_accordion_tab gutter_size=&#8221;2&#8243; column_padding=&#8221;2&#8243; title=&#8221;Czy mo\u017cna kupi\u0107 harf\u0119 na raty?&#8221; tab_id=&#8221;1717083196556-4-16&#8243;][vc_column_text uncode_shortcode_id=&#8221;163093&#8243;]P\u0142atno\u015bci za harf\u0119 mo\u017cemy podzieli\u0107 na nieoprocentowane raty. Kontaktuj\u0105c si\u0119 z nami ustalisz indywidualny plan sp\u0142aty instrumentu. Najcz\u0119\u015bciej p\u0142atno\u015bci za harf\u0119 haczykow\u0105 dzielimy na 6 miesi\u0119cy, a p\u0142atno\u015bci za harf\u0119 peda\u0142ow\u0105 &#8211; na rok.[\/vc_column_text][\/vc_accordion_tab][vc_accordion_tab gutter_size=&#8221;2&#8243; column_padding=&#8221;2&#8243; title=&#8221;Czy mog\u0119 odkupi\u0107 wynajmowan\u0105 harf\u0119?&#8221; tab_id=&#8221;1717083196556-4-166&#8243;][vc_column_text uncode_shortcode_id=&#8221;184644&#8243;]Tak, masz mo\u017cliwo\u015b\u0107 zakupu instrumentu, kt\u00f3ry wynajmujesz. Mo\u017cesz to zrobi\u0107 w dowolnym momencie trwania umowy. Je\u015bli wynajmujesz harf\u0119 rok lub d\u0142u\u017cej, to podczas wykupu instrumentu otrzymasz zni\u017ck\u0119 o warto\u015bci r\u00f3wnej 6 miesi\u0105com czynszu.[\/vc_column_text][\/vc_accordion_tab][vc_accordion_tab gutter_size=&#8221;2&#8243; column_padding=&#8221;2&#8243; title=&#8221;Czy op\u0142acaj\u0105c przez wiele lat najem harfa po jakim\u015b czasie stanie si\u0119 moj\u0105 w\u0142asno\u015bci\u0105?&#8221; tab_id=&#8221;1717083196556-4-1660&#8243;][vc_column_text uncode_shortcode_id=&#8221;813664&#8243;]Nie, czynsz jest op\u0142at\u0105 za u\u017cytkowanie instrumentu a nie rat\u0105 kredytu, kt\u00f3ry si\u0119 sp\u0142aca.[\/vc_column_text][\/vc_accordion_tab][\/vc_accordion][\/vc_column][\/vc_row]<\/p>\n<\/div>","protected":false},"excerpt":{"rendered":"<p>[vc_row row_height_percent=&#8221;100&#8243; back_image=&#8221;339&#8243; kburns=&#8221;yes&#8221; overlay_color=&#8221;color-jevc&#8221; overlay_alpha=&#8221;15&#8243; gutter_size=&#8221;3&#8243; column_width_percent=&#8221;100&#8243; shift_y=&#8221;0&#8243; z_index=&#8221;0&#8243; uncode_shortcode_id=&#8221;666895&#8243; overlay_color_type=&#8221;uncode-palette&#8221;][vc_column column_width_percent=&#8221;50&#8243; position_vertical=&#8221;middle&#8221; align_horizontal=&#8221;align_center&#8221; gutter_size=&#8221;3&#8243; overlay_alpha=&#8221;50&#8243; shift_x=&#8221;0&#8243; shift_y=&#8221;0&#8243; shift_y_down=&#8221;0&#8243; [&hellip;]<\/p>\n","protected":false},"author":1,"featured_media":0,"parent":0,"menu_order":0,"comment_status":"closed","ping_status":"closed","template":"","meta":{"footnotes":""},"class_list":["post-477","page","type-page","status-publish","hentry"],"_links":{"self":[{"href":"https:\/\/www.myharp.pl\/index.php\/wp-json\/wp\/v2\/pages\/477"}],"collection":[{"href":"https:\/\/www.myharp.pl\/index.php\/wp-json\/wp\/v2\/pages"}],"about":[{"href":"https:\/\/www.myharp.pl\/index.php\/wp-json\/wp\/v2\/types\/page"}],"author":[{"embeddable":true,"href":"https:\/\/www.myharp.pl\/index.php\/wp-json\/wp\/v2\/users\/1"}],"replies":[{"embeddable":true,"href":"https:\/\/www.myharp.pl\/index.php\/wp-json\/wp\/v2\/comments?post=477"}],"version-history":[{"count":51,"href":"https:\/\/www.myharp.pl\/index.php\/wp-json\/wp\/v2\/pages\/477\/revisions"}],"predecessor-version":[{"id":704,"href":"https:\/\/www.myharp.pl\/index.php\/wp-json\/wp\/v2\/pages\/477\/revisions\/704"}],"wp:attachment":[{"href":"https:\/\/www.myharp.pl\/index.php\/wp-json\/wp\/v2\/media?parent=477"}],"curies":[{"name":"wp","href":"https:\/\/api.w.org\/{rel}","templated":true}]}}